{"id":135,"date":"2016-07-28T14:54:55","date_gmt":"2016-07-28T12:54:55","guid":{"rendered":"http:\/\/lamaisondelabourgade.com\/lesmaisons\/?page_id=135"},"modified":"2024-12-18T17:45:00","modified_gmt":"2024-12-18T16:45:00","slug":"venir-a-uzes","status":"publish","type":"page","link":"https:\/\/lamaisondelabourgade.com\/lesmaisons\/venir-a-uzes\/","title":{"rendered":"Venir \u00e0 Uz\u00e9s"},"content":{"rendered":"<p>[et_pb_section admin_label=\u00a0\u00bbsection\u00a0\u00bb][et_pb_row admin_label=\u00a0\u00bbLigne\u00a0\u00bb][et_pb_column type=\u00a0\u00bb4_4&Prime;][et_pb_post_title admin_label=\u00a0\u00bbTitre du poste\u00a0\u00bb title=\u00a0\u00bbon\u00a0\u00bb meta=\u00a0\u00bbon\u00a0\u00bb author=\u00a0\u00bboff\u00a0\u00bb date=\u00a0\u00bboff\u00a0\u00bb categories=\u00a0\u00bboff\u00a0\u00bb comments=\u00a0\u00bboff\u00a0\u00bb featured_image=\u00a0\u00bbon\u00a0\u00bb featured_placement=\u00a0\u00bbbelow\u00a0\u00bb parallax_effect=\u00a0\u00bbon\u00a0\u00bb parallax_method=\u00a0\u00bbon\u00a0\u00bb text_orientation=\u00a0\u00bbleft\u00a0\u00bb text_color=\u00a0\u00bbdark\u00a0\u00bb text_background=\u00a0\u00bboff\u00a0\u00bb text_bg_color=\u00a0\u00bbrgba(255,255,255,0.9)\u00a0\u00bb module_bg_color=\u00a0\u00bbrgba(255,255,255,0)\u00a0\u00bb title_all_caps=\u00a0\u00bboff\u00a0\u00bb use_border_color=\u00a0\u00bboff\u00a0\u00bb border_color=\u00a0\u00bb#ffffff\u00a0\u00bb border_style=\u00a0\u00bbsolid\u00a0\u00bb]<\/p>\n<p>[\/et_pb_post_title][\/et_pb_column][\/et_pb_row][et_pb_row admin_label=\u00a0\u00bbrow\u00a0\u00bb][et_pb_column type=\u00a0\u00bb1_2&Prime;][et_pb_text admin_label=\u00a0\u00bbTexte\u00a0\u00bb background_layout=\u00a0\u00bblight\u00a0\u00bb text_orientation=\u00a0\u00bbleft\u00a0\u00bb use_border_color=\u00a0\u00bboff\u00a0\u00bb border_color=\u00a0\u00bb#ffffff\u00a0\u00bb border_style=\u00a0\u00bbsolid\u00a0\u00bb]<\/p>\n<p><strong>LA MAISON DE LA BOURGADE<\/strong><br \/>\n31 rue Petite Bourgade<br \/>\n30700 Uz\u00e8s<br \/>\nEN VOITURE<\/p>\n<p>Le cycle de Proviron augmente les taux d&#39;androg\u00e8nes, utilis\u00e9s dans le traitement de l&#39;hypogonadisme masculin. Son administration ne doit pas interagir avec l&#39;\u00e9thanol en raison d&#39;effets ind\u00e9sirables potentiels. La surveillance des taux s\u00e9riques de testost\u00e9rone est essentielle pendant le traitement.<\/p>\n<p>Autoroute A9, sortie Remoulins puis D981 en direction d&rsquo;Uz\u00e8s-Al\u00e8s<\/p>\n<p><strong>Coordonn\u00e9es GPS<\/strong><br \/>\n44.0097368, 4.418025199999988<\/p>\n<p><strong>EN TRAIN<\/strong><br \/>\nTGV jusqu&rsquo;\u00e0 la gare d&rsquo;Avignon ou de N\u00eemes<\/p>\n<p><strong>EN AVION<\/strong><br \/>\nA\u00e9roport de N\u00eemes Arles Camargue (30 km), Montpellier (80 km), Aix-Marseille (100 km). En haute saison, liaisons a\u00e9roport d&rsquo;Avignon<\/p>\n<p>Parking s\u00e9curis\u00e9 pour 5 \u20ac\/nuit<\/p>\n<p>[\/et_pb_text][\/et_pb_column][et_pb_column type=\u00a0\u00bb1_2&Prime;][et_pb_text admin_label=\u00a0\u00bbTexte\u00a0\u00bb background_layout=\u00a0\u00bblight\u00a0\u00bb text_orientation=\u00a0\u00bbleft\u00a0\u00bb use_border_color=\u00a0\u00bboff\u00a0\u00bb border_color=\u00a0\u00bb#ffffff\u00a0\u00bb border_style=\u00a0\u00bbsolid\u00a0\u00bb]<\/p>\n<p><iframe loading=\"lazy\" src=\"https:\/\/www.google.com\/maps\/embed?pb=!1m18!1m12!1m3!1d2869.572076105348!2d4.4158766157623415!3d44.00957143733041!2m3!1f0!2f0!3f0!3m2!1i1024!2i768!4f13.1!3m3!1m2!1s0x12b5caa02035c491%3A0xbfb9d838b56fc31f!2s31+Rue+de+la+Petite+Bourgade%2C+30700+Uz%C3%A8s!5e0!3m2!1sfr!2sfr!4v1470061900480\" width=\"600\" height=\"450\" frameborder=\"0\" style=\"border:0\" allowfullscreen><\/iframe><\/p>\n<p>[\/et_pb_text][\/et_pb_column][\/et_pb_row][\/et_pb_section]<\/p>\n","protected":false},"excerpt":{"rendered":"<p>LA MAISON DE LA BOURGADE 31 rue Petite Bourgade 30700 Uz\u00e8s EN VOITURE Le cycle de Proviron augmente les taux d&#39;androg\u00e8nes, utilis\u00e9s dans le traitement de l&#39;hypogonadisme masculin. Son administration ne doit pas interagir avec l&#39;\u00e9thanol en raison d&#39;effets ind\u00e9sirables potentiels. La surveillance des taux s\u00e9riques de testost\u00e9rone est essentielle pendant le traitement. Autoroute A9, [&hellip;]<\/p>\n","protected":false},"author":1,"featured_media":0,"parent":0,"menu_order":0,"comment_status":"closed","ping_status":"closed","template":"","meta":{"_et_pb_use_builder":"on","_et_pb_old_content":"<h6>LA MAISON DE LA BOURGADE<\/h6><h6>31 rue Petite Bourgade<\/h6><h6>30700 Uz\u00e8s<\/h6><h6>EN VOITURE<\/h6><p>Autoroute A9, sortie Remoulins puis D981 en direction d'Uz\u00e8s-Al\u00e8s<\/p><h6>Coordonn\u00e9es GPS<\/h6><p>44.0097368, 4.418025199999988<\/p><h6>EN TRAIN<\/h6><p>TGV jusqu'\u00e0 la gare d'Avignon ou de N\u00eemes<\/p><h6>EN AVION<\/h6><p>A\u00e9roport de N\u00eemes Arles Camargue (30 km), Montpellier (80 km), Aix-Marseille (100 km). En haute saison, liaisons a\u00e9roport d'Avignon<\/p><h6>Parking s\u00e9curis\u00e9 pour 5 \u20ac\/nuit<\/h6><p><iframe style=\"border: 0;\" src=\"https:\/\/www.google.com\/maps\/embed?pb=!1m23!1m12!1m3!1d2869.5722627756973!2d4.415871251837759!3d44.009567579008326!2m3!1f0!2f0!3f0!3m2!1i1024!2i768!4f13.1!4m8!3e6!4m5!1s0x12b5caa02035c491%3A0xbfb9d838b56fc31f!2s31+Rue+de+la+Petite+Bourgade%2C+30700+Uz%C3%A8s!3m2!1d44.0095676!2d4.418065299999999!4m0!5e0!3m2!1sfr!2sfr!4v1469715909307\" width=\"600\" height=\"450\" frameborder=\"0\" allowfullscreen=\"allowfullscreen\"><\/iframe><\/p>","_et_gb_content_width":"","footnotes":""},"class_list":["post-135","page","type-page","status-publish","hentry"],"yoast_head":"<!-- This site is optimized with the Yoast SEO plugin v27.5 - https:\/\/yoast.com\/product\/yoast-seo-wordpress\/ -->\n<title>Venir \u00e0 Uz\u00e9s - Maisons d&#039;h\u00f4tes \u00e0 Uz\u00e9s<\/title>\n<meta name=\"robots\" content=\"index, follow, max-snippet:-1, max-image-preview:large, max-video-preview:-1\" \/>\n<link rel=\"canonical\" href=\"https:\/\/lamaisondelabourgade.com\/lesmaisons\/venir-a-uzes\/\" \/>\n<meta property=\"og:locale\" content=\"fr_FR\" \/>\n<meta property=\"og:type\" content=\"article\" \/>\n<meta property=\"og:title\" content=\"Venir \u00e0 Uz\u00e9s - Maisons d&#039;h\u00f4tes \u00e0 Uz\u00e9s\" \/>\n<meta property=\"og:description\" content=\"LA MAISON DE LA BOURGADE 31 rue Petite Bourgade 30700 Uz\u00e8s EN VOITURE Le cycle de Proviron augmente les taux d&#039;androg\u00e8nes, utilis\u00e9s dans le traitement de l&#039;hypogonadisme masculin. Son administration ne doit pas interagir avec l&#039;\u00e9thanol en raison d&#039;effets ind\u00e9sirables potentiels. La surveillance des taux s\u00e9riques de testost\u00e9rone est essentielle pendant le traitement. Autoroute A9, [&hellip;]\" \/>\n<meta property=\"og:url\" content=\"https:\/\/lamaisondelabourgade.com\/lesmaisons\/venir-a-uzes\/\" \/>\n<meta property=\"og:site_name\" content=\"Maisons d&#039;h\u00f4tes \u00e0 Uz\u00e9s\" \/>\n<meta property=\"article:modified_time\" content=\"2024-12-18T16:45:00+00:00\" \/>\n<meta name=\"twitter:card\" content=\"summary_large_image\" \/>\n<meta name=\"twitter:label1\" content=\"Dur\u00e9e de lecture estim\u00e9e\" \/>\n\t<meta name=\"twitter:data1\" content=\"1 minute\" \/>\n<script type=\"application\/ld+json\" class=\"yoast-schema-graph\">{\"@context\":\"https:\\\/\\\/schema.org\",\"@graph\":[{\"@type\":\"WebPage\",\"@id\":\"https:\\\/\\\/lamaisondelabourgade.com\\\/lesmaisons\\\/venir-a-uzes\\\/\",\"url\":\"https:\\\/\\\/lamaisondelabourgade.com\\\/lesmaisons\\\/venir-a-uzes\\\/\",\"name\":\"Venir \u00e0 Uz\u00e9s - Maisons d&#039;h\u00f4tes \u00e0 Uz\u00e9s\",\"isPartOf\":{\"@id\":\"https:\\\/\\\/lamaisondelabourgade.com\\\/lesmaisons\\\/#website\"},\"datePublished\":\"2016-07-28T12:54:55+00:00\",\"dateModified\":\"2024-12-18T16:45:00+00:00\",\"breadcrumb\":{\"@id\":\"https:\\\/\\\/lamaisondelabourgade.com\\\/lesmaisons\\\/venir-a-uzes\\\/#breadcrumb\"},\"inLanguage\":\"fr-FR\",\"potentialAction\":[{\"@type\":\"ReadAction\",\"target\":[\"https:\\\/\\\/lamaisondelabourgade.com\\\/lesmaisons\\\/venir-a-uzes\\\/\"]}]},{\"@type\":\"BreadcrumbList\",\"@id\":\"https:\\\/\\\/lamaisondelabourgade.com\\\/lesmaisons\\\/venir-a-uzes\\\/#breadcrumb\",\"itemListElement\":[{\"@type\":\"ListItem\",\"position\":1,\"name\":\"Accueil\",\"item\":\"https:\\\/\\\/lamaisondelabourgade.com\\\/lesmaisons\\\/\"},{\"@type\":\"ListItem\",\"position\":2,\"name\":\"Venir \u00e0 Uz\u00e9s\"}]},{\"@type\":\"WebSite\",\"@id\":\"https:\\\/\\\/lamaisondelabourgade.com\\\/lesmaisons\\\/#website\",\"url\":\"https:\\\/\\\/lamaisondelabourgade.com\\\/lesmaisons\\\/\",\"name\":\"Maisons d&#039;h\u00f4tes \u00e0 Uz\u00e9s\",\"description\":\"Deux maisons d&#039;h\u00f4tes au coeur de la ville d&#039;uz\u00e9s\",\"potentialAction\":[{\"@type\":\"SearchAction\",\"target\":{\"@type\":\"EntryPoint\",\"urlTemplate\":\"https:\\\/\\\/lamaisondelabourgade.com\\\/lesmaisons\\\/?s={search_term_string}\"},\"query-input\":{\"@type\":\"PropertyValueSpecification\",\"valueRequired\":true,\"valueName\":\"search_term_string\"}}],\"inLanguage\":\"fr-FR\"}]}<\/script>\n<!-- \/ Yoast SEO plugin. -->","yoast_head_json":{"title":"Venir \u00e0 Uz\u00e9s - Maisons d&#039;h\u00f4tes \u00e0 Uz\u00e9s","robots":{"index":"index","follow":"follow","max-snippet":"max-snippet:-1","max-image-preview":"max-image-preview:large","max-video-preview":"max-video-preview:-1"},"canonical":"https:\/\/lamaisondelabourgade.com\/lesmaisons\/venir-a-uzes\/","og_locale":"fr_FR","og_type":"article","og_title":"Venir \u00e0 Uz\u00e9s - Maisons d&#039;h\u00f4tes \u00e0 Uz\u00e9s","og_description":"LA MAISON DE LA BOURGADE 31 rue Petite Bourgade 30700 Uz\u00e8s EN VOITURE Le cycle de Proviron augmente les taux d&#39;androg\u00e8nes, utilis\u00e9s dans le traitement de l&#39;hypogonadisme masculin. Son administration ne doit pas interagir avec l&#39;\u00e9thanol en raison d&#39;effets ind\u00e9sirables potentiels. La surveillance des taux s\u00e9riques de testost\u00e9rone est essentielle pendant le traitement. Autoroute A9, [&hellip;]","og_url":"https:\/\/lamaisondelabourgade.com\/lesmaisons\/venir-a-uzes\/","og_site_name":"Maisons d&#039;h\u00f4tes \u00e0 Uz\u00e9s","article_modified_time":"2024-12-18T16:45:00+00:00","twitter_card":"summary_large_image","twitter_misc":{"Dur\u00e9e de lecture estim\u00e9e":"1 minute"},"schema":{"@context":"https:\/\/schema.org","@graph":[{"@type":"WebPage","@id":"https:\/\/lamaisondelabourgade.com\/lesmaisons\/venir-a-uzes\/","url":"https:\/\/lamaisondelabourgade.com\/lesmaisons\/venir-a-uzes\/","name":"Venir \u00e0 Uz\u00e9s - Maisons d&#039;h\u00f4tes \u00e0 Uz\u00e9s","isPartOf":{"@id":"https:\/\/lamaisondelabourgade.com\/lesmaisons\/#website"},"datePublished":"2016-07-28T12:54:55+00:00","dateModified":"2024-12-18T16:45:00+00:00","breadcrumb":{"@id":"https:\/\/lamaisondelabourgade.com\/lesmaisons\/venir-a-uzes\/#breadcrumb"},"inLanguage":"fr-FR","potentialAction":[{"@type":"ReadAction","target":["https:\/\/lamaisondelabourgade.com\/lesmaisons\/venir-a-uzes\/"]}]},{"@type":"BreadcrumbList","@id":"https:\/\/lamaisondelabourgade.com\/lesmaisons\/venir-a-uzes\/#breadcrumb","itemListElement":[{"@type":"ListItem","position":1,"name":"Accueil","item":"https:\/\/lamaisondelabourgade.com\/lesmaisons\/"},{"@type":"ListItem","position":2,"name":"Venir \u00e0 Uz\u00e9s"}]},{"@type":"WebSite","@id":"https:\/\/lamaisondelabourgade.com\/lesmaisons\/#website","url":"https:\/\/lamaisondelabourgade.com\/lesmaisons\/","name":"Maisons d&#039;h\u00f4tes \u00e0 Uz\u00e9s","description":"Deux maisons d&#039;h\u00f4tes au coeur de la ville d&#039;uz\u00e9s","potentialAction":[{"@type":"SearchAction","target":{"@type":"EntryPoint","urlTemplate":"https:\/\/lamaisondelabourgade.com\/lesmaisons\/?s={search_term_string}"},"query-input":{"@type":"PropertyValueSpecification","valueRequired":true,"valueName":"search_term_string"}}],"inLanguage":"fr-FR"}]}},"_links":{"self":[{"href":"https:\/\/lamaisondelabourgade.com\/lesmaisons\/wp-json\/wp\/v2\/pages\/135","targetHints":{"allow":["GET"]}}],"collection":[{"href":"https:\/\/lamaisondelabourgade.com\/lesmaisons\/wp-json\/wp\/v2\/pages"}],"about":[{"href":"https:\/\/lamaisondelabourgade.com\/lesmaisons\/wp-json\/wp\/v2\/types\/page"}],"author":[{"embeddable":true,"href":"https:\/\/lamaisondelabourgade.com\/lesmaisons\/wp-json\/wp\/v2\/users\/1"}],"replies":[{"embeddable":true,"href":"https:\/\/lamaisondelabourgade.com\/lesmaisons\/wp-json\/wp\/v2\/comments?post=135"}],"version-history":[{"count":8,"href":"https:\/\/lamaisondelabourgade.com\/lesmaisons\/wp-json\/wp\/v2\/pages\/135\/revisions"}],"predecessor-version":[{"id":1027,"href":"https:\/\/lamaisondelabourgade.com\/lesmaisons\/wp-json\/wp\/v2\/pages\/135\/revisions\/1027"}],"wp:attachment":[{"href":"https:\/\/lamaisondelabourgade.com\/lesmaisons\/wp-json\/wp\/v2\/media?parent=135"}],"curies":[{"name":"wp","href":"https:\/\/api.w.org\/{rel}","templated":true}]}}